{"id":9,"date":"2026-01-27T17:24:07","date_gmt":"2026-01-27T17:24:07","guid":{"rendered":"https:\/\/www.myclinia.com\/?page_id=9"},"modified":"2026-02-07T15:37:09","modified_gmt":"2026-02-07T15:37:09","slug":"myclinia","status":"publish","type":"page","link":"https:\/\/www.myclinia.com\/es\/myclinia\/","title":{"rendered":"Qui sommes-nous?"},"content":{"rendered":"<p>Je m\u2019appelle Mehdi CADI SOUSSI, je suis <strong>docteur en pharmacie, dipl\u00f4m\u00e9 en 2006<\/strong>. Pharmacien titulaire de ma propre officine depuis 2010, j&rsquo;ai pass\u00e9 ces 15 derni\u00e8res ann\u00e9es au comptoir, \u00e0 l&rsquo;\u00e9coute directe de vos besoins, de vos doutes et de vos urgences de sant\u00e9.<\/p>\n\n\n\n<p><strong>Pourquoi MyClinia ?<\/strong> En tant que pharmacien titulaire, j&rsquo;ai vu le monde de la sant\u00e9 \u00e9voluer. J&rsquo;ai constat\u00e9 que beaucoup de patients se retrouvent d\u00e9munis en dehors des heures d&rsquo;ouverture ou face \u00e0 la difficult\u00e9 d&rsquo;obtenir un rendez-vous rapide. Trop souvent, le r\u00e9flexe est de chercher des r\u00e9ponses sur internet, au risque de tomber sur des informations erron\u00e9es ou anxiog\u00e8nes.<\/p>\n\n\n\n<p>J&rsquo;ai cr\u00e9\u00e9 <strong>MyClinia<\/strong> pour prolonger ce lien de confiance que nous avons en officine, mais de mani\u00e8re digitale. Mon objectif est simple : mettre \u00e0 votre disposition un r\u00e9seau d&rsquo;experts (pharmaciens, m\u00e9decins, sp\u00e9cialistes) accessibles en un clic, pour un conseil fiable, humain et imm\u00e9diat.<\/p>\n\n\n\n<p><strong>Notre engagement<\/strong> Chaque professionnel rejoignant MyClinia est s\u00e9lectionn\u00e9 rigoureusement. Nous v\u00e9rifions syst\u00e9matiquement les dipl\u00f4mes et les agr\u00e9ments (RPPS) pour vous garantir une s\u00e9curit\u00e9 totale.<\/p>\n\n\n\n<p>MyClinia n&rsquo;est pas qu&rsquo;une plateforme de chat, c&rsquo;est le prolongement num\u00e9rique de votre pharmacie de quartier.<\/p>\n\n\n\n<p>Pour toute information compl\u00e9mentaire, vous pouvez m&rsquo;\u00e9crire sur contact@myclinia.com<\/p>","protected":false},"excerpt":{"rendered":"<p>Je m\u2019appelle Mehdi CADI SOUSSI, je suis docteur en pharmacie, dipl\u00f4m\u00e9 en 2006. Pharmacien titulaire de ma propre officine depuis [&hellip;]<\/p>\n","protected":false},"author":1,"featured_media":0,"parent":0,"menu_order":0,"comment_status":"closed","ping_status":"closed","template":"","meta":{"site-sidebar-layout":"default","site-content-layout":"","ast-site-content-layout":"default","site-content-style":"default","site-sidebar-style":"default","ast-global-header-display":"","ast-banner-title-visibility":"","ast-main-header-display":"","ast-hfb-above-header-display":"","ast-hfb-below-header-display":"","ast-hfb-mobile-header-display":"","site-post-title":"","ast-breadcrumbs-content":"","ast-featured-img":"","footer-sml-layout":"","ast-disable-related-posts":"","theme-transparent-header-meta":"","adv-header-id-meta":"","stick-header-meta":"","header-above-stick-meta":"","header-main-stick-meta":"","header-below-stick-meta":"","astra-migrate-meta-layouts":"default","ast-page-background-enabled":"default","ast-page-background-meta":{"desktop":{"background-color":"var(--ast-global-color-5)","background-image":"","background-repeat":"repeat","background-position":"center center","background-size":"auto","background-attachment":"scroll","background-type":"","background-media":"","overlay-type":"","overlay-color":"","overlay-opacity":"","overlay-gradient":""},"tablet":{"background-color":"","background-image":"","background-repeat":"repeat","background-position":"center center","background-size":"auto","background-attachment":"scroll","background-type":"","background-media":"","overlay-type":"","overlay-color":"","overlay-opacity":"","overlay-gradient":""},"mobile":{"background-color":"","background-image":"","background-repeat":"repeat","background-position":"center center","background-size":"auto","background-attachment":"scroll","background-type":"","background-media":"","overlay-type":"","overlay-color":"","overlay-opacity":"","overlay-gradient":""}},"ast-content-background-meta":{"desktop":{"background-color":"var(--ast-global-color-4)","background-image":"","background-repeat":"repeat","background-position":"center center","background-size":"auto","background-attachment":"scroll","background-type":"","background-media":"","overlay-type":"","overlay-color":"","overlay-opacity":"","overlay-gradient":""},"tablet":{"background-color":"var(--ast-global-color-4)","background-image":"","background-repeat":"repeat","background-position":"center center","background-size":"auto","background-attachment":"scroll","background-type":"","background-media":"","overlay-type":"","overlay-color":"","overlay-opacity":"","overlay-gradient":""},"mobile":{"background-color":"var(--ast-global-color-4)","background-image":"","background-repeat":"repeat","background-position":"center center","background-size":"auto","background-attachment":"scroll","background-type":"","background-media":"","overlay-type":"","overlay-color":"","overlay-opacity":"","overlay-gradient":""}},"footnotes":""},"class_list":["post-9","page","type-page","status-publish","hentry"],"_links":{"self":[{"href":"https:\/\/www.myclinia.com\/es\/wp-json\/wp\/v2\/pages\/9","targetHints":{"allow":["GET"]}}],"collection":[{"href":"https:\/\/www.myclinia.com\/es\/wp-json\/wp\/v2\/pages"}],"about":[{"href":"https:\/\/www.myclinia.com\/es\/wp-json\/wp\/v2\/types\/page"}],"author":[{"embeddable":true,"href":"https:\/\/www.myclinia.com\/es\/wp-json\/wp\/v2\/users\/1"}],"replies":[{"embeddable":true,"href":"https:\/\/www.myclinia.com\/es\/wp-json\/wp\/v2\/comments?post=9"}],"version-history":[{"count":9,"href":"https:\/\/www.myclinia.com\/es\/wp-json\/wp\/v2\/pages\/9\/revisions"}],"predecessor-version":[{"id":124,"href":"https:\/\/www.myclinia.com\/es\/wp-json\/wp\/v2\/pages\/9\/revisions\/124"}],"wp:attachment":[{"href":"https:\/\/www.myclinia.com\/es\/wp-json\/wp\/v2\/media?parent=9"}],"curies":[{"name":"wp","href":"https:\/\/api.w.org\/{rel}","templated":true}]}}