{"id":2,"date":"2026-01-27T17:07:50","date_gmt":"2026-01-27T17:07:50","guid":{"rendered":"https:\/\/www.myclinia.com\/?page_id=2"},"modified":"2026-03-07T11:27:58","modified_gmt":"2026-03-07T11:27:58","slug":"choix-parcours","status":"publish","type":"page","link":"https:\/\/www.myclinia.com\/en\/choix-parcours\/","title":{"rendered":"Mode de consultation"},"content":{"rendered":"<style>\n        .choice-container {\n            display: grid;\n            grid-template-columns: repeat(auto-fit, minmax(280px, 1fr));\n            gap: 20px;\n            max-width: 1100px;\n            margin: 50px auto;\n            font-family: 'Segoe UI', sans-serif;\n            padding: 0 20px;\n        }\n        .choice-card {\n            background: white;\n            border: 2px solid #f1f5f9;\n            border-radius: 24px;\n            padding: 35px 25px;\n            text-align: center;\n            transition: all 0.3s cubic-bezier(0.175, 0.885, 0.32, 1.275);\n            cursor: pointer;\n            display: flex;\n            flex-direction: column;\n            align-items: center;\n            box-shadow: 0 10px 25px rgba(0,0,0,0.02);\n        }\n        .choice-card:hover {\n            transform: translateY(-10px);\n            border-color: #004a99;\n            box-shadow: 0 20px 40px rgba(0,74,153,0.12);\n        }\n        .choice-icon {\n            font-size: 45px;\n            margin-bottom: 20px;\n            background: #f0f7ff;\n            width: 90px;\n            height: 90px;\n            display: flex;\n            align-items: center;\n            justify-content: center;\n            border-radius: 22px;\n            transition: 0.3s;\n        }\n        .choice-card:hover .choice-icon {\n            background: #004a99;\n            color: white;\n            transform: rotate(5deg);\n        }\n        .choice-title {\n            color: #1e293b;\n            font-size: 1.4em;\n            font-weight: 800;\n            margin-bottom: 12px;\n        }\n        .choice-text {\n            color: #64748b;\n            font-size: 0.95em;\n            line-height: 1.5;\n            margin-bottom: 25px;\n            flex-grow: 1;\n        }\n        .choice-btn {\n            background: #f1f5f9;\n            color: #1e293b;\n            padding: 14px 20px;\n            border-radius: 12px;\n            text-decoration: none;\n            font-weight: 700;\n            width: 100%;\n            transition: 0.3s;\n            border: 1px solid #e2e8f0;\n        }\n        .choice-card:hover .choice-btn {\n            background: #004a99;\n            color: white;\n            border-color: #004a99;\n        }\n        \/* Styles sp\u00e9cifiques pour l'option rapide *\/\n        .choice-card.fast-option:hover .choice-btn { background: #c2410c; border-color: #c2410c; }\n        .choice-card.fast-option:hover .choice-icon { background: #fff7ed; color: #c2410c; }\n    <\/style>\n\n    <div style=\"text-align:center; margin-top: 40px; padding: 0 20px;\">\n        <span style=\"background:#e0f2fe; color:#0369a1; padding:6px 15px; border-radius:20px; font-weight:bold; font-size:0.85em; text-transform:uppercase; letter-spacing:1px;\">\u00c9tape de validation<\/span>\n        <h2 style=\"color:#004a99; font-weight:800; font-size: 2.4em; margin-top:15px;\">Comment souhaitez-vous choisir votre expert ?<\/h2>\n    <\/div>\n\n    <div class=\"choice-container\">\n        <div class=\"choice-card fast-option\" onclick=\"window.location.href='\/choisir-expert\/?sort=fast'\">\n            <div class=\"choice-icon\">\u26a1<\/div>\n            <div class=\"choice-title\">Le plus rapide<\/div>\n            <p class=\"choice-text\">Je veux une r\u00e9ponse imm\u00e9diate. Mettez-moi en relation avec l'expert disponible le plus vite.<\/p>\n            <span class=\"choice-btn\">Assigner maintenant<\/span>\n        <\/div>\n\n        <div class=\"choice-card\" onclick=\"window.location.href='\/choisir-expert\/?sort=job'\">\n            <div class=\"choice-icon\">\ud83c\udf93<\/div>\n            <div class=\"choice-title\">Par sp\u00e9cialit\u00e9<\/div>\n            <p class=\"choice-text\">Je cherche un m\u00e9tier pr\u00e9cis : Pharmacien, Di\u00e9t\u00e9ticien...<\/p>\n            <span class=\"choice-btn\">Filtrer par m\u00e9tier<\/span>\n        <\/div>\n\n        <div class=\"choice-card\" onclick=\"window.location.href='\/choisir-expert\/'\">\n            <div class=\"choice-icon\">\ud83d\udc65<\/div>\n            <div class=\"choice-title\">Liste compl\u00e8te<\/div>\n            <p class=\"choice-text\">Je pr\u00e9f\u00e8re parcourir tous les profils et choisir selon les bios et les avis des patients.<\/p>\n            <span class=\"choice-btn\">Voir tous les experts<\/span>\n        <\/div>\n    <\/div>","protected":false},"excerpt":{"rendered":"","protected":false},"author":1,"featured_media":0,"parent":0,"menu_order":0,"comment_status":"closed","ping_status":"closed","template":"","meta":{"site-sidebar-layout":"default","site-content-layout":"","ast-site-content-layout":"default","site-content-style":"default","site-sidebar-style":"default","ast-global-header-display":"","ast-banner-title-visibility":"","ast-main-header-display":"","ast-hfb-above-header-display":"","ast-hfb-below-header-display":"","ast-hfb-mobile-header-display":"","site-post-title":"disabled","ast-breadcrumbs-content":"","ast-featured-img":"","footer-sml-layout":"","ast-disable-related-posts":"","theme-transparent-header-meta":"","adv-header-id-meta":"","stick-header-meta":"","header-above-stick-meta":"","header-main-stick-meta":"","header-below-stick-meta":"","astra-migrate-meta-layouts":"default","ast-page-background-enabled":"default","ast-page-background-meta":{"desktop":{"background-color":"var(--ast-global-color-5)","background-image":"","background-repeat":"repeat","background-position":"center center","background-size":"auto","background-attachment":"scroll","background-type":"","background-media":"","overlay-type":"","overlay-color":"","overlay-opacity":"","overlay-gradient":""},"tablet":{"background-color":"","background-image":"","background-repeat":"repeat","background-position":"center center","background-size":"auto","background-attachment":"scroll","background-type":"","background-media":"","overlay-type":"","overlay-color":"","overlay-opacity":"","overlay-gradient":""},"mobile":{"background-color":"","background-image":"","background-repeat":"repeat","background-position":"center center","background-size":"auto","background-attachment":"scroll","background-type":"","background-media":"","overlay-type":"","overlay-color":"","overlay-opacity":"","overlay-gradient":""}},"ast-content-background-meta":{"desktop":{"background-color":"var(--ast-global-color-4)","background-image":"","background-repeat":"repeat","background-position":"center center","background-size":"auto","background-attachment":"scroll","background-type":"","background-media":"","overlay-type":"","overlay-color":"","overlay-opacity":"","overlay-gradient":""},"tablet":{"background-color":"var(--ast-global-color-4)","background-image":"","background-repeat":"repeat","background-position":"center center","background-size":"auto","background-attachment":"scroll","background-type":"","background-media":"","overlay-type":"","overlay-color":"","overlay-opacity":"","overlay-gradient":""},"mobile":{"background-color":"var(--ast-global-color-4)","background-image":"","background-repeat":"repeat","background-position":"center center","background-size":"auto","background-attachment":"scroll","background-type":"","background-media":"","overlay-type":"","overlay-color":"","overlay-opacity":"","overlay-gradient":""}},"footnotes":""},"class_list":["post-2","page","type-page","status-publish","hentry"],"_links":{"self":[{"href":"https:\/\/www.myclinia.com\/en\/wp-json\/wp\/v2\/pages\/2","targetHints":{"allow":["GET"]}}],"collection":[{"href":"https:\/\/www.myclinia.com\/en\/wp-json\/wp\/v2\/pages"}],"about":[{"href":"https:\/\/www.myclinia.com\/en\/wp-json\/wp\/v2\/types\/page"}],"author":[{"embeddable":true,"href":"https:\/\/www.myclinia.com\/en\/wp-json\/wp\/v2\/users\/1"}],"replies":[{"embeddable":true,"href":"https:\/\/www.myclinia.com\/en\/wp-json\/wp\/v2\/comments?post=2"}],"version-history":[{"count":2,"href":"https:\/\/www.myclinia.com\/en\/wp-json\/wp\/v2\/pages\/2\/revisions"}],"predecessor-version":[{"id":205,"href":"https:\/\/www.myclinia.com\/en\/wp-json\/wp\/v2\/pages\/2\/revisions\/205"}],"wp:attachment":[{"href":"https:\/\/www.myclinia.com\/en\/wp-json\/wp\/v2\/media?parent=2"}],"curies":[{"name":"wp","href":"https:\/\/api.w.org\/{rel}","templated":true}]}}